{"id":27063,"date":"2024-05-01T09:10:39","date_gmt":"2024-05-01T09:10:39","guid":{"rendered":"https:\/\/berchtesgadenerleben.de\/?page_id=27063"},"modified":"2024-05-01T09:25:44","modified_gmt":"2024-05-01T09:25:44","slug":"unverbindliche-anfrage","status":"publish","type":"page","link":"https:\/\/berchtesgadenerleben.de\/cs\/unverbindliche-anfrage\/","title":{"rendered":"Unverbindliche Anfrage"},"content":{"rendered":"<div data-elementor-type=\"wp-page\" data-elementor-id=\"27063\" class=\"elementor elementor-27063\" data-elementor-post-type=\"page\">\n\t\t\t\t\t\t<section class=\"elementor-section elementor-top-section elementor-element elementor-element-5b670d5d elementor-section-boxed elementor-section-height-default elementor-section-height-default\" data-id=\"5b670d5d\" data-element_type=\"section\" data-settings=\"{&quot;background_background&quot;:&quot;classic&quot;,&quot;ekit_has_onepagescroll_dot&quot;:&quot;yes&quot;}\">\n\t\t\t\t\t\t<div class=\"elementor-container elementor-column-gap-default\">\n\t\t\t\t\t<div class=\"elementor-column elementor-col-100 elementor-top-column elementor-element elementor-element-a8ca575\" data-id=\"a8ca575\" data-element_type=\"column\">\n\t\t\t<div class=\"elementor-widget-wrap elementor-element-populated\">\n\t\t\t\t\t\t<div class=\"elementor-element elementor-element-503b840a elementor-widget elementor-widget-heading\" data-id=\"503b840a\" data-element_type=\"widget\" data-settings=\"{&quot;ekit_we_effect_on&quot;:&quot;none&quot;}\" data-widget_type=\"heading.default\">\n\t\t\t\t\t<h1 class=\"elementor-heading-title elementor-size-default\">Sout\u011bska Wimbachklamm v Ramsau u Berchtesgadenu<\/h1>\t\t\t\t<\/div>\n\t\t\t\t\t<\/div>\n\t\t<\/div>\n\t\t\t\t\t<\/div>\n\t\t<\/section>\n\t\t\t\t<section class=\"elementor-section elementor-top-section elementor-element elementor-element-0055930 elementor-section-height-min-height elementor-section-content-middle elementor-section-boxed elementor-section-height-default elementor-section-items-middle\" data-id=\"0055930\" data-element_type=\"section\" data-settings=\"{&quot;background_background&quot;:&quot;classic&quot;,&quot;ekit_has_onepagescroll_dot&quot;:&quot;yes&quot;}\">\n\t\t\t\t\t\t\t<div class=\"elementor-background-overlay\"><\/div>\n\t\t\t\t\t\t\t<div class=\"elementor-container elementor-column-gap-no\">\n\t\t\t\t\t<div class=\"elementor-column elementor-col-100 elementor-top-column elementor-element elementor-element-ef89cc6\" data-id=\"ef89cc6\" data-element_type=\"column\">\n\t\t\t<div class=\"elementor-widget-wrap elementor-element-populated\">\n\t\t\t\t\t\t<div class=\"elementor-element elementor-element-5af4470 elementor-widget elementor-widget-heading\" data-id=\"5af4470\" data-element_type=\"widget\" data-settings=\"{&quot;ekit_we_effect_on&quot;:&quot;none&quot;}\" data-widget_type=\"heading.default\">\n\t\t\t\t\t<h1 class=\"elementor-heading-title elementor-size-default\">Nez\u00e1vazn\u00e1 popt\u00e1vka<\/h1>\t\t\t\t<\/div>\n\t\t\t\t<div class=\"elementor-element elementor-element-2f23448 elementor-widget elementor-widget-text-editor\" data-id=\"2f23448\" data-element_type=\"widget\" data-settings=\"{&quot;ekit_we_effect_on&quot;:&quot;none&quot;}\" data-widget_type=\"text-editor.default\">\n\t\t\t\t\t\t\t\t\tMit wenigen Klicks unverbindlich anfragen und Zeit sparen!\t\t\t\t\t\t\t\t<\/div>\n\t\t\t\t\t<\/div>\n\t\t<\/div>\n\t\t\t\t\t<\/div>\n\t\t<\/section>\n\t\t<div class=\"elementor-element elementor-element-c792550 e-flex e-con-boxed e-con e-parent\" data-id=\"c792550\" data-element_type=\"container\" data-settings=\"{&quot;background_background&quot;:&quot;classic&quot;,&quot;ekit_has_onepagescroll_dot&quot;:&quot;yes&quot;}\">\n\t\t\t\t\t<div class=\"e-con-inner\">\n\t\t\t\t<div class=\"elementor-element elementor-element-757d682 elementor-widget elementor-widget-html\" data-id=\"757d682\" data-element_type=\"widget\" data-settings=\"{&quot;ekit_we_effect_on&quot;:&quot;none&quot;}\" data-widget_type=\"html.default\">\n\t\t\t\t\t<div id=\"wlApiWidgetTarget1\"><\/div>\r\n\r\n<script src=\"https:\/\/booking.lampllehen.de\/websLINE-ABM\/Widget\/Inject\/1-de-05bd40c7996aea4481b299073ac93c73f063c6a8\"><\/script>\t\t\t\t<\/div>\n\t\t\t\t\t<\/div>\n\t\t\t\t<\/div>\n\t\t\t\t<\/div>","protected":false},"excerpt":{"rendered":"<p>Wimbachklamm in Ramsau bei Berchtesgaden Schnellanfrage Mit wenigen Klicks unverbindlich anfragen und Zeit sparen!<\/p>","protected":false},"author":1,"featured_media":0,"parent":0,"menu_order":0,"comment_status":"closed","ping_status":"closed","template":"","meta":{"footnotes":""},"class_list":["post-27063","page","type-page","status-publish","hentry"],"_links":{"self":[{"href":"https:\/\/berchtesgadenerleben.de\/cs\/wp-json\/wp\/v2\/pages\/27063","targetHints":{"allow":["GET"]}}],"collection":[{"href":"https:\/\/berchtesgadenerleben.de\/cs\/wp-json\/wp\/v2\/pages"}],"about":[{"href":"https:\/\/berchtesgadenerleben.de\/cs\/wp-json\/wp\/v2\/types\/page"}],"author":[{"embeddable":true,"href":"https:\/\/berchtesgadenerleben.de\/cs\/wp-json\/wp\/v2\/users\/1"}],"replies":[{"embeddable":true,"href":"https:\/\/berchtesgadenerleben.de\/cs\/wp-json\/wp\/v2\/comments?post=27063"}],"version-history":[{"count":4,"href":"https:\/\/berchtesgadenerleben.de\/cs\/wp-json\/wp\/v2\/pages\/27063\/revisions"}],"predecessor-version":[{"id":27068,"href":"https:\/\/berchtesgadenerleben.de\/cs\/wp-json\/wp\/v2\/pages\/27063\/revisions\/27068"}],"wp:attachment":[{"href":"https:\/\/berchtesgadenerleben.de\/cs\/wp-json\/wp\/v2\/media?parent=27063"}],"curies":[{"name":"wp","href":"https:\/\/api.w.org\/{rel}","templated":true}]}}